{"id":369,"date":"2024-11-20T16:17:01","date_gmt":"2024-11-20T13:17:01","guid":{"rendered":"https:\/\/fibra.redfox.com.tr\/?page_id=369"},"modified":"2025-04-21T15:15:17","modified_gmt":"2025-04-21T12:15:17","slug":"kisa-lif-ve-agartilmis-seluloz","status":"publish","type":"page","link":"https:\/\/fibraseluloz.com\/en\/urunlerimiz\/kisa-lif-ve-agartilmis-seluloz\/","title":{"rendered":"Recovered Bleached HW Pulp"},"content":{"rendered":"<p>Bleached cellulose is formed as a result of chemical processes that bleach it to the desired level by removing ink from the pulp of cardboard cups.<\/p>\n\n\n\n<p><br><strong>Molded fiber, Writing &amp; Printing, Composite materials, Tissue paper<\/strong><\/p>\n\n\n\t\t<div data-elementor-type=\"page\" data-elementor-id=\"433\" class=\"elementor elementor-433\" data-elementor-post-type=\"elementor_library\">\n\t\t\t\t<div class=\"elementor-element elementor-element-396de95 e-con-full e-flex e-con e-parent\" data-id=\"396de95\" data-element_type=\"container\" data-e-type=\"container\">\n\t\t\t\t<div class=\"elementor-element elementor-element-ccd5d53 elementor-list-item-link-inline elementor-icon-list--layout-traditional elementor-widget elementor-widget-icon-list\" data-id=\"ccd5d53\" data-element_type=\"widget\" data-e-type=\"widget\" data-widget_type=\"icon-list.default\">\n\t\t\t\t<div class=\"elementor-widget-container\">\n\t\t\t\t\t\t\t<ul class=\"elementor-icon-list-items\">\n\t\t\t\t\t\t\t<li class=\"elementor-icon-list-item\">\n\t\t\t\t\t\t\t\t\t\t\t<a href=\"https:\/\/fibraseluloz.com\/wp-content\/uploads\/FIBRA-SELULOZ-TDS-FSB-Bleached-Short-Fiber.pdf\" target=\"_blank\">\n\n\t\t\t\t\t\t\t\t\t\t\t\t<span class=\"elementor-icon-list-icon\">\n\t\t\t\t\t\t\t<svg aria-hidden=\"true\" class=\"e-font-icon-svg e-far-file-pdf\" viewbox=\"0 0 384 512\" xmlns=\"http:\/\/www.w3.org\/2000\/svg\"><path d=\"M369.9 97.9L286 14C277 5 264.8-.1 252.1-.1H48C21.5 0 0 21.5 0 48v416c0 26.5 21.5 48 48 48h288c26.5 0 48-21.5 48-48V131.9c0-12.7-5.1-25-14.1-34zM332.1 128H256V51.9l76.1 76.1zM48 464V48h160v104c0 13.3 10.7 24 24 24h104v288H48zm250.2-143.7c-12.2-12-47-8.7-64.4-6.5-17.2-10.5-28.7-25-36.8-46.3 3.9-16.1 10.1-40.6 5.4-56-4.2-26.2-37.8-23.6-42.6-5.9-4.4 16.1-.4 38.5 7 67.1-10 23.9-24.9 56-35.4 74.4-20 10.3-47 26.2-51 46.2-3.3 15.8 26 55.2 76.1-31.2 22.4-7.4 46.8-16.5 68.4-20.1 18.9 10.2 41 17 55.8 17 25.5 0 28-28.2 17.5-38.7zm-198.1 77.8c5.1-13.7 24.5-29.5 30.4-35-19 30.3-30.4 35.7-30.4 35zm81.6-190.6c7.4 0 6.7 32.1 1.8 40.8-4.4-13.9-4.3-40.8-1.8-40.8zm-24.4 136.6c9.7-16.9 18-37 24.7-54.7 8.3 15.1 18.9 27.2 30.1 35.5-20.8 4.3-38.9 13.1-54.8 19.2zm131.6-5s-5 6-37.3-7.8c35.1-2.6 40.9 5.4 37.3 7.8z\"><\/path><\/svg>\t\t\t\t\t\t<\/span>\n\t\t\t\t\t\t\t\t\t\t<span class=\"elementor-icon-list-text\">Technical Data Sheet Download<\/span>\n\t\t\t\t\t\t\t\t\t\t\t<\/a>\n\t\t\t\t\t\t\t\t\t<\/li>\n\t\t\t\t\t\t<\/ul>\n\t\t\t\t\t\t<\/div>\n\t\t\t\t<\/div>\n\t\t\t\t<\/div>\n\t\t\t\t<\/div>","protected":false},"excerpt":{"rendered":"<p>A\u011fart\u0131lm\u0131\u015f sel\u00fcloz, karton bardak hamurunu m\u00fcrekkepten ar\u0131nd\u0131rarak istenilen de\u011ferde kimyasal i\u015flemlerle beyazlat\u0131lmas\u0131 sonucunda olu\u015fmaktad\u0131r. Kullan\u0131m Alanlar\u0131: Ka\u011f\u0131t mendil \/ Pe\u00e7ete ka\u011f\u0131d\u0131<\/p>","protected":false},"author":1,"featured_media":398,"parent":40,"menu_order":0,"comment_status":"closed","ping_status":"closed","template":"","meta":{"inline_featured_image":false,"footnotes":""},"class_list":["post-369","page","type-page","status-publish","has-post-thumbnail","hentry"],"_links":{"self":[{"href":"https:\/\/fibraseluloz.com\/en\/wp-json\/wp\/v2\/pages\/369","targetHints":{"allow":["GET"]}}],"collection":[{"href":"https:\/\/fibraseluloz.com\/en\/wp-json\/wp\/v2\/pages"}],"about":[{"href":"https:\/\/fibraseluloz.com\/en\/wp-json\/wp\/v2\/types\/page"}],"author":[{"embeddable":true,"href":"https:\/\/fibraseluloz.com\/en\/wp-json\/wp\/v2\/users\/1"}],"replies":[{"embeddable":true,"href":"https:\/\/fibraseluloz.com\/en\/wp-json\/wp\/v2\/comments?post=369"}],"version-history":[{"count":4,"href":"https:\/\/fibraseluloz.com\/en\/wp-json\/wp\/v2\/pages\/369\/revisions"}],"predecessor-version":[{"id":437,"href":"https:\/\/fibraseluloz.com\/en\/wp-json\/wp\/v2\/pages\/369\/revisions\/437"}],"up":[{"embeddable":true,"href":"https:\/\/fibraseluloz.com\/en\/wp-json\/wp\/v2\/pages\/40"}],"wp:featuredmedia":[{"embeddable":true,"href":"https:\/\/fibraseluloz.com\/en\/wp-json\/wp\/v2\/media\/398"}],"wp:attachment":[{"href":"https:\/\/fibraseluloz.com\/en\/wp-json\/wp\/v2\/media?parent=369"}],"curies":[{"name":"wp","href":"https:\/\/api.w.org\/{rel}","templated":true}]}}